{"id":42,"date":"2022-08-30T11:18:27","date_gmt":"2022-08-30T09:18:27","guid":{"rendered":"https:\/\/smakrikt.se\/?page_id=42"},"modified":"2026-04-13T07:34:21","modified_gmt":"2026-04-13T05:34:21","slug":"start","status":"publish","type":"page","link":"https:\/\/smakrikt.se\/","title":{"rendered":"Start"},"content":{"rendered":"<p>[vc_row css=&#8221;.vc_custom_1661858120614{margin-right: 10px !important;margin-left: 10px !important;}&#8221;][vc_column][vc_single_image image=&#8221;64&#8243; img_size=&#8221;full&#8221; alignment=&#8221;center&#8221;][\/vc_column][\/vc_row][vc_row gap=&#8221;20&#8243; equal_height=&#8221;yes&#8221; css=&#8221;.vc_custom_1661858272252{margin-right: 20px !important;margin-left: 20px !important;}&#8221;][vc_column width=&#8221;1\/2&#8243; css=&#8221;.vc_custom_1661857541687{background-color: rgba(249,249,249,0.9) !important;*background-color: rgb(249,249,249) !important;border-radius: 20px !important;}&#8221;][vc_column_text]<\/p>\n<h3 style=\"text-align: center;\">\u00d6PPET:<\/h3>\n<h4 style=\"text-align: center;\"><strong>HELGFRIA VARDAGAR<\/strong><\/h4>\n<h4 style=\"text-align: center;\"><strong>M\u00c5NDAG-FREDAG<\/strong> 11.00-14.00<\/h4>\n<h4 style=\"text-align: center;\"><\/h4>\n<p>[\/vc_column_text][\/vc_column][vc_column width=&#8221;1\/2&#8243; css=&#8221;.vc_custom_1661857556266{background-color: rgba(249,249,249,0.9) !important;*background-color: rgb(249,249,249) !important;border-radius: 20px !important;}&#8221;][vc_column_text]<\/p>\n<h3 style=\"text-align: center;\">PRIS:<\/h3>\n<h4 style=\"text-align: center;\"><strong>LUNCHBUFF\u00c9:<\/strong> 11.00-13.00 <strong>135:-\/pp<\/strong><br \/>\n<strong>TABBERAS*:<\/strong> 13.00-14.00 <strong>120:-\/pp. \u00a0(<\/strong>*r\u00e4tter kan\/b\u00f6r ta slut)<\/h4>\n<h4 style=\"text-align: center;\"><\/h4>\n<p>[\/vc_column_text][vc_column_text]<\/p>\n<h4>Eventuell mat som finns \u00f6ver efter dagen, s\u00e4ljs i matl\u00e5dor F\u00d6R 50:-\/styck.<\/h4>\n<h4>Dessa <strong>kan bokas efter 15.00<\/strong>, via tel. 0733122750 och <strong>h\u00e4mtas 15.00-16.00<\/strong><\/h4>\n<p>[\/vc_column_text][\/vc_column][\/vc_row][vc_row gap=&#8221;20&#8243; equal_height=&#8221;yes&#8221; css=&#8221;.vc_custom_1662729109771{margin-top: 20px !important;margin-right: 20px !important;margin-left: 20px !important;}&#8221;][vc_column width=&#8221;1\/2&#8243; css=&#8221;.vc_custom_1685897430259{background-color: rgba(249,249,249,0.9) !important;*background-color: rgb(249,249,249) !important;border-radius: 20px !important;}&#8221;][vc_column_text]<strong>VARJE DAG ERBJUDS P\u00c5 BUFFEN\u00a0<\/strong><\/p>\n<p style=\"font-weight: 400;\">DAGENS R\u00c4TT<\/p>\n<p style=\"font-weight: 400;\">SALLADSBUFFE<\/p>\n<p style=\"font-weight: 400;\">V\u00c5RT URVAL AV PIZZOR<\/p>\n<p style=\"font-weight: 400;\"><strong><u>K\u00c5LPUDDING<\/u><\/strong> MED <strong>GR\u00c4DDS\u00c5S<\/strong><\/p>\n<p style=\"font-weight: 400;\"><strong><u>VITA KROPPKAKOR<\/u><\/strong> M <strong>GR\u00c4DDE<\/strong><\/p>\n<p style=\"font-weight: 400;\"><u>FL\u00c4SKSNITZEL<\/u>, <strong>SKYS\u00c5S<\/strong> O <strong>POTATISGRAT\u00c4NG<\/strong><\/p>\n<p style=\"font-weight: 400;\"><u>PANERAD FISK <\/u>M <strong><u>PEPPARROTSKR\u00c4M<\/u><\/strong><\/p>\n<p>&nbsp;<\/p>\n<p style=\"font-weight: 400;\"><strong>v16 DAGENS R\u00c4TT<\/strong><\/p>\n<p style=\"font-weight: 400;\"><strong>M\u00c5NDAG: FL\u00c4SKFIL\u00c9 MED GR\u00c4DDIG R\u00d6DVINSS\u00c5S, ROSTADE ROTFRUKTER OCH POTATIS<\/strong><\/p>\n<p style=\"font-weight: 400;\"><strong>TISDAG: KYCKLINGFIL\u00c9 MARRY ME MED RIS<\/strong><\/p>\n<p style=\"font-weight: 400;\"><strong>ONSDAG: N\u00d6TF\u00c4RSBIFFAR MED MUSTIG STEKS\u00c5S OCH GOTT MOS<\/strong><\/p>\n<p style=\"font-weight: 400;\"><strong>TORSDAG: FL\u00c4SKRULLADER MED SALTBAKADE MOR\u00d6TTER PLOMMONGR\u00c4DDS\u00c5S OCH GOTT MOS<\/strong><\/p>\n<p style=\"font-weight: 400;\"><strong>FREDAG: HELSTEKT KOTLETTRAD MED L\u00d6KS\u00c5S OCH GOTT MOS<\/strong><\/p>\n<p>&nbsp;<\/p>\n<p>\u00c4R INTE VECKANS MENY UPPDATERAD S\u00c5 KAN DU HITTA DEN H\u00c4R<\/p>\n<p>https:\/\/www.facebook.com\/restaurangsmakrikt\/[\/vc_column_text][vc_column_text][\/vc_column_text][\/vc_column][\/vc_row][vc_row gap=&#8221;20&#8243; equal_height=&#8221;yes&#8221; css=&#8221;.vc_custom_1661857830124{margin-top: 20px !important;margin-right: 20px !important;margin-left: 20px !important;}&#8221;][vc_column width=&#8221;1\/2&#8243; css=&#8221;.vc_custom_1661857541687{background-color: rgba(249,249,249,0.9) !important;*background-color: rgb(249,249,249) !important;border-radius: 20px !important;}&#8221;][vc_column_text]<\/p>\n<h3 style=\"text-align: center;\">ADRESS:<\/h3>\n<p style=\"text-align: center;\">Tech Park\/ Restaurang Smakrikt<br \/>\nNickelv\u00e4gen 1, 37150 Karlskrona[\/vc_column_text][\/vc_column][vc_column width=&#8221;1\/2&#8243; css=&#8221;.vc_custom_1661857760683{background-color: rgba(249,249,249,0.9) !important;*background-color: rgb(249,249,249) !important;border-radius: 20px !important;}&#8221;][vc_column_text]<\/p>\n<h3 style=\"text-align: center;\">KONTAKT:<\/h3>\n<p style=\"text-align: center;\">Ola 0733122750 alt <a href=\"mailto:ola@smakrikt.se\">ola@smakrikt.se<\/a><br \/>\nCamilla (endast sms 0733144750) alt <a href=\"mailto:camilla@smakrikt.se\">camilla@smakrikt.se<\/a>[\/vc_column_text][\/vc_column][\/vc_row]<\/p>\n","protected":false},"excerpt":{"rendered":"<p>[vc_row css=&#8221;.vc_custom_1661858120614{margin-right: 10px !important;margin-left: 10px !important;}&#8221;][vc_column][vc_single_image image=&#8221;64&#8243; img_size=&#8221;full&#8221; alignment=&#8221;center&#8221;][\/vc_column][\/vc_row][vc_row gap=&#8221;20&#8243; equal_height=&#8221;yes&#8221; css=&#8221;.vc_custom_1661858272252{margin-right: 20px !important;margin-left: 20px !important;}&#8221;][vc_column width=&#8221;1\/2&#8243; css=&#8221;.vc_custom_1661857541687{background-color: rgba(249,249,249,0.9) !important;*background-color: rgb(249,249,249) !important;border-radius: 20px !important;}&#8221;][vc_column_text] \u00d6PPET: HELGFRIA VARDAGAR M\u00c5NDAG-FREDAG 11.00-14.00 [\/vc_column_text][\/vc_column][vc_column width=&#8221;1\/2&#8243; css=&#8221;.vc_custom_1661857556266{background-color: rgba(249,249,249,0.9) !important;*background-color: rgb(249,249,249) !important;border-radius: 20px !important;}&#8221;][vc_column_text] PRIS: LUNCHBUFF\u00c9: 11.00-13.00 135:-\/pp TABBERAS*: 13.00-14.00 120:-\/pp. \u00a0(*r\u00e4tter kan\/b\u00f6r ta slut) [\/vc_column_text][vc_column_text] Eventuell mat som finns \u00f6ver [&hellip;]<\/p>\n","protected":false},"author":1,"featured_media":0,"parent":0,"menu_order":0,"comment_status":"closed","ping_status":"closed","template":"","meta":{"footnotes":""},"class_list":["post-42","page","type-page","status-publish","hentry"],"acf":[],"_links":{"self":[{"href":"https:\/\/smakrikt.se\/index.php?rest_route=\/wp\/v2\/pages\/42","targetHints":{"allow":["GET"]}}],"collection":[{"href":"https:\/\/smakrikt.se\/index.php?rest_route=\/wp\/v2\/pages"}],"about":[{"href":"https:\/\/smakrikt.se\/index.php?rest_route=\/wp\/v2\/types\/page"}],"author":[{"embeddable":true,"href":"https:\/\/smakrikt.se\/index.php?rest_route=\/wp\/v2\/users\/1"}],"replies":[{"embeddable":true,"href":"https:\/\/smakrikt.se\/index.php?rest_route=%2Fwp%2Fv2%2Fcomments&post=42"}],"version-history":[{"count":208,"href":"https:\/\/smakrikt.se\/index.php?rest_route=\/wp\/v2\/pages\/42\/revisions"}],"predecessor-version":[{"id":364,"href":"https:\/\/smakrikt.se\/index.php?rest_route=\/wp\/v2\/pages\/42\/revisions\/364"}],"wp:attachment":[{"href":"https:\/\/smakrikt.se\/index.php?rest_route=%2Fwp%2Fv2%2Fmedia&parent=42"}],"curies":[{"name":"wp","href":"https:\/\/api.w.org\/{rel}","templated":true}]}}